{"id":2147,"date":"2020-10-13T18:26:39","date_gmt":"2020-10-13T16:26:39","guid":{"rendered":"http:\/\/mabaki.eco\/privacy-policy\/"},"modified":"2020-10-13T18:26:40","modified_gmt":"2020-10-13T16:26:40","slug":"privacy-policy","status":"publish","type":"page","link":"https:\/\/mabaki.eco\/en\/privacy-policy\/","title":{"rendered":"Privacy Policy"},"content":{"rendered":"\t\t<div data-elementor-type=\"wp-page\" data-elementor-id=\"2147\" class=\"elementor elementor-2147 elementor-2110\" data-elementor-settings=\"[]\">\n\t\t\t\t\t\t\t<div class=\"elementor-section-wrap\">\n\t\t\t\t\t\t\t<section class=\"has_ae_slider elementor-section elementor-top-section elementor-element elementor-element-e21157e elementor-section-boxed elementor-section-height-default elementor-section-height-default ae-bg-gallery-type-default\" data-id=\"e21157e\" data-element_type=\"section\">\n\t\t\t\t\t\t<div class=\"elementor-container elementor-column-gap-default\">\n\t\t\t\t\t<div class=\"has_ae_slider elementor-column elementor-col-100 elementor-top-column elementor-element elementor-element-c9c603e ae-bg-gallery-type-default\" data-id=\"c9c603e\" data-element_type=\"column\">\n\t\t\t<div class=\"elementor-widget-wrap elementor-element-populated\">\n\t\t\t\t\t\t\t\t<div class=\"elementor-element elementor-element-d30ef49 elementor-widget elementor-widget-text-editor\" data-id=\"d30ef49\" data-element_type=\"widget\" data-widget_type=\"text-editor.default\">\n\t\t\t\t<div class=\"elementor-widget-container\">\n\t\t\t\t\t\t\t<p><span style=\"color: #333333;\"><strong><br \/>\nPOL\u00cdTICA DE PRIVACIDAD<\/strong><\/span><\/p>\n<ol>\n<li><span style=\"color: #333333;\"><strong>INFORMACI\u00d3N GENERAL<\/strong><\/span><\/li>\n<\/ol>\n<p><span style=\"color: #333333;\">La presente pol\u00edtica de privacidad (la \u201cPol\u00edtica de Privacidad\u201d), tiene por finalidad informar al Usuario (el \u201cUsuario\u201d) de manera clara y precisa sobre el tratamiento de los datos de car\u00e1cter personal recabados por MABAKI a trav\u00e9s del sitio web alojado bajo el nombre de dominio www.mabaki.eco (el \u201cSitio Web\u201d) y forma parte, junto con la Pol\u00edtica de Cookies y los T\u00e9rminos y Condiciones de Uso que rigen en el Sitio Web.<\/span><br \/>\n<span style=\"color: #333333;\">La presente Pol\u00edtica de Privacidad s\u00f3lo es aplicable al Sitio Web, entendiendo como tal todas las p\u00e1ginas y subp\u00e1ginas incluidas en el mismo, declinando MABAKI cualquier responsabilidad sobre las diferentes pol\u00edticas de privacidad y protecci\u00f3n de datos de car\u00e1cter personal que puedan contener las p\u00e1ginas web a las cuales el Usuario pueda acceder a trav\u00e9s de los hiperv\u00ednculos ubicados en este Sitio Web y no gestionadas directamente por MABAKI.<\/span><br \/>\n<span style=\"color: #333333;\">Conforme a la legislaci\u00f3n vigente en materia de protecci\u00f3n de datos de car\u00e1cter personal, MABAKI informa al Usuario de la Pol\u00edtica de Privacidad que aplicar\u00e1 en el tratamiento de los datos personales que \u00e9ste facilite al registrarse en el Sitio Web o trav\u00e9s de cualquier interactuaci\u00f3n que realice con MABAKI, as\u00ed como durante la prestaci\u00f3n de los servicios.<\/span><br \/>\n<span style=\"color: #333333;\">La cumplimentaci\u00f3n de los formularios de registro por parte de los Usuarios, as\u00ed como los datos proporcionados durante la prestaci\u00f3n de los servicios, implica necesariamente, y sin reservas, el conocimiento y aceptaci\u00f3n de la presente Pol\u00edtica de Privacidad as\u00ed como de los T\u00e9rminos y Condiciones de Uso para lo que los Usuarios deber\u00e1n validar la casilla habilitada al efecto en los formularios de registro. Por tanto, se recomienda al Usuario que, con car\u00e1cter previo, lea detenidamente la presente Pol\u00edtica de Privacidad.<\/span><\/p>\n<ol start=\"2\">\n<li><span style=\"color: #333333;\"><strong>RESPONSABLE DEL TRATAMIENTO DE LOS DATOS<\/strong><\/span><\/li>\n<\/ol>\n<p><span style=\"color: #333333;\">EL CAMBIO DE RUA, S.L., sociedad domiciliada en Calle Pr\u00edncipe de Viana 17, Puerta 212, 28023 de Madrid, con C.I.F. B-88595129 y debidamente inscrita en el Registro Mercantil de Madrid, al Tomo 39.760, Folio 190, Hoja M-706484, inscripci\u00f3n 1\u00aa (\u201cMABAKI\u201d) es la titular del presente Sitio Web. Por lo tanto, MABAKI es la responsable de procesar y tratar la informaci\u00f3n personal que el Usuario proporcione en el marco de la prestaci\u00f3n de los servicios.<\/span><\/p>\n<ol start=\"3\">\n<li><span style=\"color: #333333;\"><strong>OBLIGATORIEDAD DE FACILITAR LOS DATOS<\/strong><\/span><\/li>\n<\/ol>\n<p><span style=\"color: #333333;\">La entrega de los datos solicitados en los formularios del Sitio Web es absolutamente voluntaria para el Usuario, si bien no proporcionar determinados datos o respuestas a preguntas que pudieren formularse en los procesos de registro o en los formularios electr\u00f3nicos que se le presenten al Usuario puede provocar la imposibilidad de acceso a los servicios para cuya prestaci\u00f3n se han solicitado los datos de car\u00e1cter personal.<\/span><br \/>\n<span style=\"color: #333333;\">En todo caso, MABAKI informar\u00e1 del car\u00e1cter obligatorio y\/o necesario de la entrega de cada uno los datos para el funcionamiento del servicio.<\/span><\/p>\n<ol start=\"4\">\n<li><span style=\"color: #333333;\"><strong>BASE LEGAL PARA EL TRATAMIENTO DE DATOS<\/strong><\/span><\/li>\n<\/ol>\n<p><span style=\"color: #333333;\">El tratamiento de datos proporcionados por los Usuarios a trav\u00e9s de los formularios del Sitio Web y otros canales de comunicaci\u00f3n a su disposici\u00f3n, est\u00e1n basados en el consentimiento prestado por cada Usuario para la gesti\u00f3n de su solicitud o petici\u00f3n, para la prestaci\u00f3n de los servicios contratados y en su caso, para la realizaci\u00f3n de acciones comerciales y de marketing, incluyendo la comunicaci\u00f3n de sus datos a terceros con los que MABAKI haya suscrito acuerdos de colaboraci\u00f3n.<\/span><br \/>\n<span style=\"color: #333333;\">De igual forma, la base legal para el tratamiento de sus datos personales se deriva de las medidas precontractuales y la contrataci\u00f3n y ejecuci\u00f3n de la prestaci\u00f3n de los servicios descritos en las Condiciones de Uso.<\/span><\/p>\n<ol start=\"5\">\n<li><span style=\"color: #333333;\"><strong>INFORMACI\u00d3N QUE RECOPILAMOS DEL USUARIO<\/strong><\/span><\/li>\n<\/ol>\n<p><span style=\"color: #333333;\">En virtud del acceso y navegaci\u00f3n en el Sitio Web y con el fin de solicitar los servicios de MABAKI, el Usuario deber\u00e1 facilitar una serie de datos de car\u00e1cter personal. Esta Pol\u00edtica de Privacidad se aplica a la informaci\u00f3n que recogemos a trav\u00e9s de nuestro Sitio Web, as\u00ed como por otras v\u00edas de comunicaci\u00f3n. En particular, mediante comunicaciones electr\u00f3nicas o formularios.<\/span><br \/>\n<span style=\"color: #333333;\">De conformidad con lo dispuesto en la normativa aplicable, MABAKI informa a los Usuarios de que los datos que faciliten a trav\u00e9s del Sitio Web ser\u00e1n incorporados a sus ficheros de datos de los que es responsable. Dichos datos ser\u00e1n tratados con la finalidad de gestionar las relaciones con los Usuarios del Sitio Web y, en su caso, con el fin de prestar los servicios o cumplir con las relaciones contractuales existentes entre los Usuarios y MABAKI.<\/span><\/p>\n<p><span style=\"color: #333333;\">Estos datos personales tambi\u00e9n podr\u00e1n ser tratados con la finalidad de generar perfiles de usuario y remitirles, por v\u00eda electr\u00f3nica, postal y telef\u00f3nica (incluyendo alertas por SMS, u otros medios de mensajer\u00eda an\u00e1logos) informaci\u00f3n comercial personalizada sobre los productos o servicios relacionados con los ofrecidos por MABAKI siempre y cuando los Usuarios hayan prestado previamente su consentimiento de manera expresa.<\/span><br \/>\n<span style=\"color: #333333;\">A tal efecto, el Usuario autorizar\u00e1, mediante la marcaci\u00f3n de la correspondiente casilla habilitada al efecto, a MABAKI a remitirle ofertas y comunicaciones publicitarias que se encuentren vinculadas con el Sitio Web.<\/span><br \/>\n<span style=\"color: #333333;\">El Usuario podr\u00e1 manifestar su negativa a la recepci\u00f3n de este tipo de comunicaciones comerciales y promocionales en cualquier momento, mediante la notificaci\u00f3n en la forma prevista en la cl\u00e1usula Novena.<\/span><\/p>\n<p><span style=\"color: #333333;\">En virtud de lo anterior se informa a los Usuarios de que MABAKI recoge la informaci\u00f3n proporcionada para las siguientes finalidades:<\/span><br \/>\n<span style=\"color: #333333;\">&#8211; Gestionar, tramitar y dar respuesta a las peticiones, solicitudes, incidencias o consultas del Usuario.<\/span><br \/>\n<span style=\"color: #333333;\">&#8211; Gestionar, tramitar, enviar y dar seguimiento a las compras realizadas.<\/span><br \/>\n<span style=\"color: #333333;\">&#8211; Realizar encuestas de calidad y de satisfacci\u00f3n.<\/span><br \/>\n<span style=\"color: #333333;\">&#8211; Enviar comunicaciones comerciales personalizadas al Usuario sobre productos y servicios de MABAKI, salvo que el Usuario se oponga marcando la casilla habilitada al efecto en el Sitio Web.<\/span><br \/>\n<span style=\"color: #333333;\">&#8211; Enviar comunicaciones comerciales al Usuario, por medios electr\u00f3nicos, sobre productos y servicios de MABAKI.<\/span><br \/>\n<span style=\"color: #333333;\">&#8211; Efectuar an\u00e1lisis sobre la utilizaci\u00f3n del Sitio Web y comprobar las preferencias y comportamientos del Usuario con la finalidad de mejorar la comunicaci\u00f3n con Usuarios del Sitio Web.<\/span><br \/>\n<span style=\"color: #333333;\">&#8211; Gestionar la suscripci\u00f3n y\/o baja de la newsletter.<\/span><br \/>\n<span style=\"color: #333333;\">&#8211; Gestionar la participaci\u00f3n del Usuario en promociones organizadas por MABAKI.<\/span><\/p>\n<p><span style=\"color: #333333;\">Dada la naturaleza de los servicios proporcionados a trav\u00e9s del Sitio Web, los datos tratados se pueden clasificar en las siguientes tipolog\u00edas:<\/span><br \/>\n<span style=\"color: #333333;\">&#8211; Datos identificativos: nombre y apellidos.<\/span><br \/>\n<span style=\"color: #333333;\">&#8211; Datos de contacto: direcci\u00f3n postal, correo electr\u00f3nico, n\u00famero de tel\u00e9fono.<\/span><br \/>\n<span style=\"color: #333333;\">&#8211; Datos de transacciones de bienes y servicios: productos adquiridos o sobre los que el Usuario muestres inter\u00e9s.<\/span><br \/>\n<span style=\"color: #333333;\">&#8211; Datos financieros: n\u00famero de la tarjeta bancaria.<\/span><br \/>\n<span style=\"color: #333333;\">&#8211; Datos de informaci\u00f3n comercial: intereses en productos o servicios.<\/span><br \/>\n<span style=\"color: #333333;\">&#8211; Datos de navegaci\u00f3n.<\/span><\/p>\n<p><span style=\"color: #333333;\">En caso de que el Usuario facilite datos de terceros, este manifiesta contar con el consentimiento de los mismos y se compromete a trasladarle la informaci\u00f3n contenida en la presente Pol\u00edtica de Privacidad, eximiendo a MABAKI de cualquier responsabilidad en este sentido.<\/span><\/p>\n<ol start=\"6\">\n<li><span style=\"color: #333333;\"><strong>CONSENTIMIENTO DEL USUARIO<\/strong><\/span><\/li>\n<\/ol>\n<p><span style=\"color: #333333;\">El Usuario, mediante la correspondiente casilla habilitada al efecto en el Sitio Web prestar\u00e1 su consentimiento expreso para la recogida y tratamiento de sus datos personales a consecuencia de la utilizaci\u00f3n de cualquier servicio del Sitio Web o relacionada con el mismo, de conformidad con el objeto y la finalidad que se describen en la presente Pol\u00edtica de Privacidad.<\/span><br \/>\n<span style=\"color: #333333;\">Mediante la aceptaci\u00f3n de los Condiciones de Uso y de la presente Pol\u00edtica de Privacidad, el Usuario reconoce haber le\u00eddo y entendido las condiciones de uso y los t\u00e9rminos legales establecidos en la presente Pol\u00edtica de Privacidad, y acepta de forma expresa e inequ\u00edvoca la aplicaci\u00f3n de las mismas al uso que realice del Sitio Web durante su navegaci\u00f3n y la prestaci\u00f3n de los correspondientes servicios.<\/span><br \/>\n<span style=\"color: #333333;\">El Usuario declara ser mayor de edad. Como establecen las Condiciones de Uso del Sitio Web, el acceso y uso del Sitio Web est\u00e1 prohibido para los Usuarios menores de dieciocho (18) a\u00f1os. Por lo tanto, en caso de que los datos que un Usuario proporcione durante la navegaci\u00f3n en el Sitio Web correspondan a menores de edad, como padre\/madre o tutor del menor, \u00e9ste autoriza expresamente el tratamiento de dichos datos para la gesti\u00f3n de las finalidades detalladas en la informaci\u00f3n sobre protecci\u00f3n de datos.<\/span><br \/>\n<span style=\"color: #333333;\">En virtud de lo anterior, el Usuario se declara informado, consiente y autoriza expresamente a MABAKI para recabar y tratar sus datos con la finalidad de obtener informaci\u00f3n, valorar y\/o contratar la prestaci\u00f3n de los servicios ofertados a trav\u00e9s del Sitio Web; as\u00ed como para las restantes finalidades indicadas en la presente Pol\u00edtica de Privacidad.<\/span><br \/>\n<span style=\"color: #333333;\">Los Usuarios deber\u00e1n notificar a MABAKI cualesquiera modificaciones que se produzcan en los datos facilitados respondiendo, en cualquier caso, de la veracidad y exactitud de los datos suministrados en cada momento. MABAKI procurar\u00e1 comprobar diligentemente la veracidad de dichos datos, reserv\u00e1ndose, en su caso y sin perjuicio de otras acciones que pudieran corresponderle, el derecho a no prestar los servicios o a dar de baja a aquellos usuarios que faciliten datos falsos o incompletos. Dicha verificaci\u00f3n previa no implica en ning\u00fan caso la asunci\u00f3n por MABAKI de responsabilidad alguna por los da\u00f1os o perjuicios que pudieran derivarse de la falsedad o inexactitud de los datos suministrados, de las que responder\u00e1 \u00fanicamente el usuario.<\/span><br \/>\n<span style=\"color: #333333;\">MABAKI garantiza que se han adoptado los niveles de seguridad de protecci\u00f3n de los datos personales legalmente requeridos, acordes al tipo de datos recabados y ha instalado todos los medios y medidas de \u00edndole t\u00e9cnica, personal y organizativa para garantizar la confidencialidad, integridad y calidad de la informaci\u00f3n, as\u00ed como para evitar la p\u00e9rdida, mal uso, alteraci\u00f3n, acceso no autorizado y robo de los datos personales facilitados.<\/span><\/p>\n<ol start=\"7\">\n<li><span style=\"color: #333333;\"><strong>TIEMPO DE CONSERVACI\u00d3N DE LOS DATOS DEL USUARIO<\/strong><\/span><\/li>\n<\/ol>\n<p><span style=\"color: #333333;\">Se informa a los Usuarios de que sus datos personales ser\u00e1n conservados durante el tiempo estrictamente necesario para las finalidades del tratamiento para cuyo uso hayan sido proporcionados, siempre que el Usuario no haya revocado su consentimiento y, en todo caso, siguiendo el principio de minimizaci\u00f3n de datos contemplado en la normativa aplicable.<\/span><br \/>\n<span style=\"color: #333333;\">En particular, los datos personales proporcionados por los Usuarios se conservar\u00e1n por el plazo determinado sobre la base de los siguientes criterios: (i) obligaci\u00f3n legal de conservaci\u00f3n; (ii) duraci\u00f3n de la relaci\u00f3n contractual y atenci\u00f3n de cualesquiera responsabilidades derivadas de dicha relaci\u00f3n; (iii) solicitud de supresi\u00f3n por parte del interesado en los supuestos en los que proceda.<\/span><\/p>\n<ol start=\"8\">\n<li><span style=\"color: #333333;\"><strong>COMUNICACI\u00d3N DE DATOS Y TRANSFERENCIAS INTERNACIONALES<\/strong><\/span><\/li>\n<\/ol>\n<p><span style=\"color: #333333;\">Los datos personales recogidos a trav\u00e9s del Sitio Web no ser\u00e1n objeto de cesi\u00f3n a ning\u00fan tercero. Es decir, MABAKI no revelar\u00e1 informaci\u00f3n personal que conste en sus ficheros a terceros sin contar para ello con el consentimiento expreso del Usuario, salvo en los casos concretos en que dicha cesi\u00f3n se encuentre establecida por la normativa de protecci\u00f3n de datos.<\/span><br \/>\n<span style=\"color: #333333;\">Podr\u00e1n acceder a los datos de car\u00e1cter personal de los Usuarios el personal autorizado de MABAKI as\u00ed como por aquellos terceros o colaboradores que presten servicios a favor de MABAKI con la finalidad de gestionar la prestaci\u00f3n de los servicios. En este caso, dicho acceso a datos por cuenta de terceros ser\u00e1 regulado en el correspondiente contrato de acceso a datos tal y como se exige en la normativa vigente.<\/span><br \/>\n<span style=\"color: #333333;\">El Usuario queda informado de que MABAKI tiene contratados los servicios de Mailchimp, Google y Facebook cuyos servidores se encuentran alojados en EEUU, lo que implica una transferencia internacional de datos. No obstante, las transferencias internacionales de datos se encuentran regularizadas puesto que las entidades mencionadas est\u00e1n adheridas al Protocolo de Privacy Shield.<\/span><\/p>\n<ol start=\"9\">\n<li><span style=\"color: #333333;\"><strong>DERECHOS DE LOS USUARIOS REGISTRADOS<\/strong><\/span><\/li>\n<\/ol>\n<p><span style=\"color: #333333;\">El Usuario podr\u00e1 ejercer sus derechos de acceso, rectificaci\u00f3n, supresi\u00f3n y oposici\u00f3n, as\u00ed como la limitaci\u00f3n y portabilidad de sus datos en cumplimiento de lo establecido en la normativa vigente de protecci\u00f3n de datos. Teniendo en cuenta que el ejercicio de los mismos es personal, ser\u00e1 necesario que el afectado acredite su identidad. El ejercicio de estos derechos deber\u00e1 realizarse por escrito firmado por el titular de los datos, con indicaci\u00f3n de su domicilio, adjuntando copia de su Documento Nacional de Identidad u otro documento acreditativo, dirigi\u00e9ndose a MABAKI, al correo electr\u00f3nico hello@mabaki.eco, o enviando comunicaci\u00f3n escrita a la siguiente direcci\u00f3n postal: Calle Pr\u00edncipe de Viana 17, puerta 212, 28023 de Madrid.<\/span><br \/>\n<span style=\"color: #333333;\">El Usuario podr\u00e1 renunciar en cualquier momento a recibir cualquier tipo de comunicaci\u00f3n comercial enviando un correo electr\u00f3nico a hello@mabaki.eco, manifestando dicha intenci\u00f3n de renuncia, sin que ello afecte a la licitud del tratamiento de sus datos personales con otras finalidades. Asimismo, esta posibilidad le ser\u00e1 ofrecida al Usuario en cada comunicaci\u00f3n comercial que reciba v\u00eda e-mail.<\/span><br \/>\n<span style=\"color: #333333;\">MABAKI informa a sus Usuarios de la posibilidad que tienen de presentar una reclamaci\u00f3n ante la Agencia Espa\u00f1ola de Protecci\u00f3n de Datos en caso de que entiendan que no se ha obtenido satisfacci\u00f3n o la correcta asistencia en el ejercicio de los derechos citados en el presente apartado.<\/span><\/p>\n<ol start=\"10\">\n<li><span style=\"color: #333333;\"><strong>USO DE COOKIES<\/strong><\/span><\/li>\n<\/ol>\n<p><span style=\"color: #333333;\">El Sitio Web utiliza cookies as\u00ed como otros dispositivos tecnol\u00f3gicos con la finalidad de proporcionar determinados servicios y funciones, as\u00ed como para ayudar a los Usuarios a mejorar su experiencia en l\u00ednea. Recomendamos a los Usuarios que lean atentamente nuestra Pol\u00edtica de Cookies para informarse sobre el uso responsable que MABAKI hace de ellas y sobre las opciones que tiene para configurar su navegador y gestionarlas.<\/span><\/p>\n<ol start=\"11\">\n<li><span style=\"color: #333333;\"><strong>MODIFICACIONES DE LA POL\u00cdTICA DE PRIVACIDAD<\/strong><\/span><\/li>\n<\/ol>\n<p><span style=\"color: #333333;\">MABAKI se reserva el derecho a modificar esta Pol\u00edtica de Privacidad de acuerdo con la legislaci\u00f3n aplicable en cada momento. Por ello, le recomendamos que revise peri\u00f3dicamente esta Pol\u00edtica de Privacidad para estar informado de c\u00f3mo se tratan y protegen los datos personales que nos facilita.<\/span><\/p>\n\t\t\t\t\t\t<\/div>\n\t\t\t\t<\/div>\n\t\t\t\t\t<\/div>\n\t\t<\/div>\n\t\t\t\t\t\t\t<\/div>\n\t\t<\/section>\n\t\t\t\t\t\t<\/div>\n\t\t\t\t\t<\/div>\n\t\t","protected":false},"excerpt":{"rendered":"<p>POL\u00cdTICA DE PRIVACIDAD INFORMACI\u00d3N GENERAL La presente pol\u00edtica de privacidad (la \u201cPol\u00edtica de Privacidad\u201d), tiene por finalidad informar al Usuario (el \u201cUsuario\u201d) de manera clara y precisa sobre el tratamiento de los datos de car\u00e1cter personal recabados por MABAKI a trav\u00e9s del sitio web alojado bajo el nombre de dominio www.mabaki.eco (el \u201cSitio Web\u201d) y &#8230; <a title=\"Privacy Policy\" class=\"read-more\" href=\"https:\/\/mabaki.eco\/en\/privacy-policy\/\" aria-label=\"More on Privacy Policy\">Read more<\/a><\/p>\n","protected":false},"author":2,"featured_media":0,"parent":0,"menu_order":0,"comment_status":"closed","ping_status":"closed","template":"","meta":[],"yoast_head":"<!-- This site is optimized with the Yoast SEO Premium plugin v17.0 (Yoast SEO v17.0) - https:\/\/yoast.com\/wordpress\/plugins\/seo\/ -->\n<title>Privacy Policy - Mabaki<\/title>\n<meta name=\"robots\" content=\"index, follow, max-snippet:-1, max-image-preview:large, max-video-preview:-1\" \/>\n<link rel=\"canonical\" href=\"https:\/\/mabaki.eco\/en\/privacy-policy\/\" \/>\n<meta property=\"og:locale\" content=\"en_US\" \/>\n<meta property=\"og:type\" content=\"article\" \/>\n<meta property=\"og:title\" content=\"Privacy Policy\" \/>\n<meta property=\"og:description\" content=\"POL\u00cdTICA DE PRIVACIDAD INFORMACI\u00d3N GENERAL La presente pol\u00edtica de privacidad (la \u201cPol\u00edtica de Privacidad\u201d), tiene por finalidad informar al Usuario (el \u201cUsuario\u201d) de manera clara y precisa sobre el tratamiento de los datos de car\u00e1cter personal recabados por MABAKI a trav\u00e9s del sitio web alojado bajo el nombre de dominio www.mabaki.eco (el \u201cSitio Web\u201d) y ... Read more\" \/>\n<meta property=\"og:url\" content=\"https:\/\/mabaki.eco\/en\/privacy-policy\/\" \/>\n<meta property=\"og:site_name\" content=\"Mabaki\" \/>\n<meta property=\"article:modified_time\" content=\"2020-10-13T16:26:40+00:00\" \/>\n<meta name=\"twitter:card\" content=\"summary_large_image\" \/>\n<meta name=\"twitter:label1\" content=\"Est. reading time\" \/>\n\t<meta name=\"twitter:data1\" content=\"12 minutes\" \/>\n<script type=\"application\/ld+json\" class=\"yoast-schema-graph\">{\"@context\":\"https:\/\/schema.org\",\"@graph\":[{\"@type\":\"WebSite\",\"@id\":\"https:\/\/mabaki.eco\/#website\",\"url\":\"https:\/\/mabaki.eco\/\",\"name\":\"Mabaki\",\"description\":\"\",\"potentialAction\":[{\"@type\":\"SearchAction\",\"target\":{\"@type\":\"EntryPoint\",\"urlTemplate\":\"https:\/\/mabaki.eco\/?s={search_term_string}\"},\"query-input\":\"required name=search_term_string\"}],\"inLanguage\":\"en-US\"},{\"@type\":\"WebPage\",\"@id\":\"https:\/\/mabaki.eco\/en\/privacy-policy\/#webpage\",\"url\":\"https:\/\/mabaki.eco\/en\/privacy-policy\/\",\"name\":\"Privacy Policy - Mabaki\",\"isPartOf\":{\"@id\":\"https:\/\/mabaki.eco\/#website\"},\"datePublished\":\"2020-10-13T16:26:39+00:00\",\"dateModified\":\"2020-10-13T16:26:40+00:00\",\"breadcrumb\":{\"@id\":\"https:\/\/mabaki.eco\/en\/privacy-policy\/#breadcrumb\"},\"inLanguage\":\"en-US\",\"potentialAction\":[{\"@type\":\"ReadAction\",\"target\":[\"https:\/\/mabaki.eco\/en\/privacy-policy\/\"]}]},{\"@type\":\"BreadcrumbList\",\"@id\":\"https:\/\/mabaki.eco\/en\/privacy-policy\/#breadcrumb\",\"itemListElement\":[{\"@type\":\"ListItem\",\"position\":1,\"name\":\"Home\",\"item\":\"https:\/\/mabaki.eco\/en\/\"},{\"@type\":\"ListItem\",\"position\":2,\"name\":\"Privacy Policy\"}]}]}<\/script>\n<!-- \/ Yoast SEO Premium plugin. -->","yoast_head_json":{"title":"Privacy Policy - Mabaki","robots":{"index":"index","follow":"follow","max-snippet":"max-snippet:-1","max-image-preview":"max-image-preview:large","max-video-preview":"max-video-preview:-1"},"canonical":"https:\/\/mabaki.eco\/en\/privacy-policy\/","og_locale":"en_US","og_type":"article","og_title":"Privacy Policy","og_description":"POL\u00cdTICA DE PRIVACIDAD INFORMACI\u00d3N GENERAL La presente pol\u00edtica de privacidad (la \u201cPol\u00edtica de Privacidad\u201d), tiene por finalidad informar al Usuario (el \u201cUsuario\u201d) de manera clara y precisa sobre el tratamiento de los datos de car\u00e1cter personal recabados por MABAKI a trav\u00e9s del sitio web alojado bajo el nombre de dominio www.mabaki.eco (el \u201cSitio Web\u201d) y ... Read more","og_url":"https:\/\/mabaki.eco\/en\/privacy-policy\/","og_site_name":"Mabaki","article_modified_time":"2020-10-13T16:26:40+00:00","twitter_card":"summary_large_image","twitter_misc":{"Est. reading time":"12 minutes"},"schema":{"@context":"https:\/\/schema.org","@graph":[{"@type":"WebSite","@id":"https:\/\/mabaki.eco\/#website","url":"https:\/\/mabaki.eco\/","name":"Mabaki","description":"","potentialAction":[{"@type":"SearchAction","target":{"@type":"EntryPoint","urlTemplate":"https:\/\/mabaki.eco\/?s={search_term_string}"},"query-input":"required name=search_term_string"}],"inLanguage":"en-US"},{"@type":"WebPage","@id":"https:\/\/mabaki.eco\/en\/privacy-policy\/#webpage","url":"https:\/\/mabaki.eco\/en\/privacy-policy\/","name":"Privacy Policy - Mabaki","isPartOf":{"@id":"https:\/\/mabaki.eco\/#website"},"datePublished":"2020-10-13T16:26:39+00:00","dateModified":"2020-10-13T16:26:40+00:00","breadcrumb":{"@id":"https:\/\/mabaki.eco\/en\/privacy-policy\/#breadcrumb"},"inLanguage":"en-US","potentialAction":[{"@type":"ReadAction","target":["https:\/\/mabaki.eco\/en\/privacy-policy\/"]}]},{"@type":"BreadcrumbList","@id":"https:\/\/mabaki.eco\/en\/privacy-policy\/#breadcrumb","itemListElement":[{"@type":"ListItem","position":1,"name":"Home","item":"https:\/\/mabaki.eco\/en\/"},{"@type":"ListItem","position":2,"name":"Privacy Policy"}]}]}},"_links":{"self":[{"href":"https:\/\/mabaki.eco\/en\/wp-json\/wp\/v2\/pages\/2147"}],"collection":[{"href":"https:\/\/mabaki.eco\/en\/wp-json\/wp\/v2\/pages"}],"about":[{"href":"https:\/\/mabaki.eco\/en\/wp-json\/wp\/v2\/types\/page"}],"author":[{"embeddable":true,"href":"https:\/\/mabaki.eco\/en\/wp-json\/wp\/v2\/users\/2"}],"replies":[{"embeddable":true,"href":"https:\/\/mabaki.eco\/en\/wp-json\/wp\/v2\/comments?post=2147"}],"version-history":[{"count":0,"href":"https:\/\/mabaki.eco\/en\/wp-json\/wp\/v2\/pages\/2147\/revisions"}],"wp:attachment":[{"href":"https:\/\/mabaki.eco\/en\/wp-json\/wp\/v2\/media?parent=2147"}],"curies":[{"name":"wp","href":"https:\/\/api.w.org\/{rel}","templated":true}]}}